{"id":599,"date":"2025-12-03T23:48:36","date_gmt":"2025-12-03T22:48:36","guid":{"rendered":"https:\/\/sg.hornwienashorn.de\/?page_id=599"},"modified":"2025-12-27T17:00:22","modified_gmt":"2025-12-27T16:00:22","slug":"download","status":"publish","type":"page","link":"https:\/\/sg.hornwienashorn.de\/?page_id=599","title":{"rendered":"Download"},"content":{"rendered":"\n<div class=\"wp-block-group has-base-background-color has-background is-content-justification-left is-nowrap is-layout-flex wp-container-core-group-is-layout-fc9f69e7 wp-block-group-is-layout-flex\">\n<div class=\"wp-block-columns is-layout-flex wp-container-core-columns-is-layout-d0b3c9c8 wp-block-columns-is-layout-flex\">\n<div class=\"wp-block-column is-layout-flow wp-block-column-is-layout-flow\">\n<div class=\"wp-block-columns is-layout-flex wp-container-core-columns-is-layout-d0b3c9c8 wp-block-columns-is-layout-flex\">\n<div class=\"wp-block-column is-layout-flow wp-block-column-is-layout-flow\" style=\"--col-width:100%;flex-basis:100%\">\n<p class=\"has-text-align-center has-large-font-size\"><strong>Pressetext<\/strong><\/p>\n\n\n\n<p class=\"has-text-align-left\"><br>Ein Koffer voller Melodien, ein Hauch Nostalgie und f\u00fcnf Musikerinnen mit Leidenschaft \u2013 das ist <strong>SwingGold<\/strong>!<br>     <br>Die Musik der 20er-40er Jahre ist so vielseitig und explosiv wie ihre Zeit.<br>Sie spiegelt sich in neuen T\u00e4nzen, ausgelassenen Rhythmen, dem Swing der Big Bands und den Schlagern des Tonfilms unverkennbar wieder.<\/p>\n\n\n\n<p class=\"has-text-align-left\">Mit einer au\u00dfergew\u00f6hnlichen Instrumentierung wird jedem St\u00fcck eine ganz eigene Note verliehen \u2013 mal elegant, mal augenzwinkernd, aber immer mit Herz und Hingabe.<br>Die zarte Fl\u00f6te, die schmeichelnde Klarinette, das jazzige Saxophon, die sonore Bassklarinette und das vielseitige Klavier verschmelzen zu einer ganz besonderen Klangfarbe: von sehns\u00fcchtig melancholisch \u00fcber heiter und beschwingt, bis hin zu mitrei\u00dfend und \u00fcberm\u00fctig.<\/p>\n\n\n\n<p class=\"has-text-align-left\"><br><strong>Besetzung:<\/strong><br>Ulrike Stern \u2013 Klavier<br>Iris D\u00fcsseldorf \u2013 Querfl\u00f6te, Altfl\u00f6te<br>Anke Horn \u2013 Klarinette, Saxophon<br>Katrin Opitz \u2013 Bassklarinette<br>Lauren Welliehausen \u2013 Gesang<br><\/p>\n<\/div>\n<\/div>\n<\/div>\n\n\n\n<div class=\"wp-block-column is-layout-flow wp-block-column-is-layout-flow\" style=\"--col-width:30%;flex-basis:30%\">\n<figure class=\"wp-block-image size-medium\"><a href=\"https:\/\/sg.hornwienashorn.de\/wp-content\/uploads\/2025\/12\/SwingGold-4.png\"><img loading=\"lazy\" decoding=\"async\" width=\"300\" height=\"200\" src=\"https:\/\/sg.hornwienashorn.de\/wp-content\/uploads\/2025\/12\/SwingGold-4-300x200.png\" alt=\"\" class=\"wp-image-569\" srcset=\"https:\/\/sg.hornwienashorn.de\/wp-content\/uploads\/2025\/12\/SwingGold-4-300x200.png 300w, https:\/\/sg.hornwienashorn.de\/wp-content\/uploads\/2025\/12\/SwingGold-4-1024x682.png 1024w, https:\/\/sg.hornwienashorn.de\/wp-content\/uploads\/2025\/12\/SwingGold-4-768x512.png 768w, https:\/\/sg.hornwienashorn.de\/wp-content\/uploads\/2025\/12\/SwingGold-4.png 1037w\" sizes=\"auto, (max-width: 300px) 100vw, 300px\" \/><\/a><\/figure>\n\n\n\n<figure class=\"wp-block-image aligncenter size-medium\"><a href=\"https:\/\/sg.hornwienashorn.de\/wp-content\/uploads\/2025\/12\/SwingGold-Bar-mit-Logo.jpg\"><img loading=\"lazy\" decoding=\"async\" width=\"300\" height=\"200\" src=\"https:\/\/sg.hornwienashorn.de\/wp-content\/uploads\/2025\/12\/SwingGold-Bar-mit-Logo-300x200.jpg\" alt=\"\" class=\"wp-image-557\" srcset=\"https:\/\/sg.hornwienashorn.de\/wp-content\/uploads\/2025\/12\/SwingGold-Bar-mit-Logo-300x200.jpg 300w, https:\/\/sg.hornwienashorn.de\/wp-content\/uploads\/2025\/12\/SwingGold-Bar-mit-Logo-1024x683.jpg 1024w, https:\/\/sg.hornwienashorn.de\/wp-content\/uploads\/2025\/12\/SwingGold-Bar-mit-Logo-768x512.jpg 768w, https:\/\/sg.hornwienashorn.de\/wp-content\/uploads\/2025\/12\/SwingGold-Bar-mit-Logo-1536x1024.jpg 1536w, https:\/\/sg.hornwienashorn.de\/wp-content\/uploads\/2025\/12\/SwingGold-Bar-mit-Logo.jpg 2048w\" sizes=\"auto, (max-width: 300px) 100vw, 300px\" \/><\/a><figcaption class=\"wp-element-caption\">Foto: Jan-Felix Bergmann<\/figcaption><\/figure>\n\n\n\n<figure class=\"wp-block-image size-medium\"><a href=\"https:\/\/sg.hornwienashorn.de\/wp-content\/uploads\/2025\/12\/SwingGold-3.jpg\"><img loading=\"lazy\" decoding=\"async\" width=\"300\" height=\"212\" src=\"https:\/\/sg.hornwienashorn.de\/wp-content\/uploads\/2025\/12\/SwingGold-3-300x212.jpg\" alt=\"\" class=\"wp-image-564\" style=\"aspect-ratio:1.4144434123354674\" srcset=\"https:\/\/sg.hornwienashorn.de\/wp-content\/uploads\/2025\/12\/SwingGold-3-300x212.jpg 300w, https:\/\/sg.hornwienashorn.de\/wp-content\/uploads\/2025\/12\/SwingGold-3-1024x724.jpg 1024w, https:\/\/sg.hornwienashorn.de\/wp-content\/uploads\/2025\/12\/SwingGold-3-768x543.jpg 768w, https:\/\/sg.hornwienashorn.de\/wp-content\/uploads\/2025\/12\/SwingGold-3-1536x1086.jpg 1536w, https:\/\/sg.hornwienashorn.de\/wp-content\/uploads\/2025\/12\/SwingGold-3.jpg 1754w\" sizes=\"auto, (max-width: 300px) 100vw, 300px\" \/><\/a><\/figure>\n\n\n\n<figure class=\"wp-block-image size-medium\"><a href=\"https:\/\/sg.hornwienashorn.de\/wp-content\/uploads\/2025\/12\/SwingGold-scaled.jpg\"><img loading=\"lazy\" decoding=\"async\" width=\"300\" height=\"209\" src=\"https:\/\/sg.hornwienashorn.de\/wp-content\/uploads\/2025\/12\/SwingGold-300x209.jpg\" alt=\"\" class=\"wp-image-558\" style=\"aspect-ratio:1.3333333333333333;object-fit:cover\" srcset=\"https:\/\/sg.hornwienashorn.de\/wp-content\/uploads\/2025\/12\/SwingGold-300x209.jpg 300w, https:\/\/sg.hornwienashorn.de\/wp-content\/uploads\/2025\/12\/SwingGold-1024x714.jpg 1024w, https:\/\/sg.hornwienashorn.de\/wp-content\/uploads\/2025\/12\/SwingGold-768x536.jpg 768w, https:\/\/sg.hornwienashorn.de\/wp-content\/uploads\/2025\/12\/SwingGold-1536x1071.jpg 1536w, https:\/\/sg.hornwienashorn.de\/wp-content\/uploads\/2025\/12\/SwingGold-2048x1428.jpg 2048w\" sizes=\"auto, (max-width: 300px) 100vw, 300px\" \/><\/a><\/figure>\n\n\n\n<figure class=\"wp-block-image size-medium is-resized\"><a href=\"https:\/\/sg.hornwienashorn.de\/wp-content\/uploads\/2025\/08\/4006274-2-1.jpg\"><img loading=\"lazy\" decoding=\"async\" width=\"200\" height=\"300\" src=\"https:\/\/sg.hornwienashorn.de\/wp-content\/uploads\/2025\/08\/4006274-2-1-200x300.jpg\" alt=\"\" class=\"wp-image-495\" style=\"aspect-ratio:1.5;object-fit:cover;width:296px;height:auto\" srcset=\"https:\/\/sg.hornwienashorn.de\/wp-content\/uploads\/2025\/08\/4006274-2-1-200x300.jpg 200w, https:\/\/sg.hornwienashorn.de\/wp-content\/uploads\/2025\/08\/4006274-2-1-683x1024.jpg 683w, https:\/\/sg.hornwienashorn.de\/wp-content\/uploads\/2025\/08\/4006274-2-1-768x1152.jpg 768w, https:\/\/sg.hornwienashorn.de\/wp-content\/uploads\/2025\/08\/4006274-2-1-1024x1536.jpg 1024w, https:\/\/sg.hornwienashorn.de\/wp-content\/uploads\/2025\/08\/4006274-2-1.jpg 1365w\" sizes=\"auto, (max-width: 200px) 100vw, 200px\" \/><\/a><figcaption class=\"wp-element-caption\">Foto: Jan-Felix Bergmann<\/figcaption><\/figure>\n<\/div>\n\n\n\n<div class=\"wp-block-column is-layout-flow wp-block-column-is-layout-flow\" style=\"--col-width:20%;flex-basis:20%\">\n<p class=\"has-text-align-center has-medium-font-size\"><\/p>\n\n\n\n<figure class=\"wp-block-image size-medium is-resized\"><a href=\"https:\/\/sg.hornwienashorn.de\/wp-content\/uploads\/2025\/12\/SwingGold-Presse-1-1.jpg\"><img loading=\"lazy\" decoding=\"async\" width=\"200\" height=\"300\" src=\"https:\/\/sg.hornwienashorn.de\/wp-content\/uploads\/2025\/12\/SwingGold-Presse-1-1-200x300.jpg\" alt=\"\" class=\"wp-image-583\" style=\"aspect-ratio:0.7070193066363002;width:296px;height:auto\" srcset=\"https:\/\/sg.hornwienashorn.de\/wp-content\/uploads\/2025\/12\/SwingGold-Presse-1-1-200x300.jpg 200w, https:\/\/sg.hornwienashorn.de\/wp-content\/uploads\/2025\/12\/SwingGold-Presse-1-1-683x1024.jpg 683w, https:\/\/sg.hornwienashorn.de\/wp-content\/uploads\/2025\/12\/SwingGold-Presse-1-1-768x1152.jpg 768w, https:\/\/sg.hornwienashorn.de\/wp-content\/uploads\/2025\/12\/SwingGold-Presse-1-1-1024x1536.jpg 1024w, https:\/\/sg.hornwienashorn.de\/wp-content\/uploads\/2025\/12\/SwingGold-Presse-1-1.jpg 1365w\" sizes=\"auto, (max-width: 200px) 100vw, 200px\" \/><\/a><\/figure>\n\n\n\n<figure class=\"wp-block-image size-medium is-resized\"><a href=\"https:\/\/sg.hornwienashorn.de\/wp-content\/uploads\/2025\/12\/SwingGold-4-scaled.jpg\"><img loading=\"lazy\" decoding=\"async\" width=\"212\" height=\"300\" src=\"https:\/\/sg.hornwienashorn.de\/wp-content\/uploads\/2025\/12\/SwingGold-4-212x300.jpg\" alt=\"\" class=\"wp-image-572\" style=\"aspect-ratio:0.7070193066363002;width:296px;height:auto\" srcset=\"https:\/\/sg.hornwienashorn.de\/wp-content\/uploads\/2025\/12\/SwingGold-4-212x300.jpg 212w, https:\/\/sg.hornwienashorn.de\/wp-content\/uploads\/2025\/12\/SwingGold-4-724x1024.jpg 724w, https:\/\/sg.hornwienashorn.de\/wp-content\/uploads\/2025\/12\/SwingGold-4-768x1086.jpg 768w, https:\/\/sg.hornwienashorn.de\/wp-content\/uploads\/2025\/12\/SwingGold-4-1086x1536.jpg 1086w, https:\/\/sg.hornwienashorn.de\/wp-content\/uploads\/2025\/12\/SwingGold-4-1448x2048.jpg 1448w, https:\/\/sg.hornwienashorn.de\/wp-content\/uploads\/2025\/12\/SwingGold-4-scaled.jpg 1810w\" sizes=\"auto, (max-width: 212px) 100vw, 212px\" \/><\/a><\/figure>\n\n\n\n<figure class=\"wp-block-image size-medium is-resized\"><a href=\"https:\/\/sg.hornwienashorn.de\/wp-content\/uploads\/2025\/12\/4006274-2-1.jpg\"><img loading=\"lazy\" decoding=\"async\" width=\"200\" height=\"300\" src=\"https:\/\/sg.hornwienashorn.de\/wp-content\/uploads\/2025\/12\/4006274-2-1-200x300.jpg\" alt=\"\" class=\"wp-image-584\" style=\"aspect-ratio:0.6666493046512839;width:296px;height:auto\" srcset=\"https:\/\/sg.hornwienashorn.de\/wp-content\/uploads\/2025\/12\/4006274-2-1-200x300.jpg 200w, https:\/\/sg.hornwienashorn.de\/wp-content\/uploads\/2025\/12\/4006274-2-1-683x1024.jpg 683w, https:\/\/sg.hornwienashorn.de\/wp-content\/uploads\/2025\/12\/4006274-2-1-768x1152.jpg 768w, https:\/\/sg.hornwienashorn.de\/wp-content\/uploads\/2025\/12\/4006274-2-1-1024x1536.jpg 1024w, https:\/\/sg.hornwienashorn.de\/wp-content\/uploads\/2025\/12\/4006274-2-1.jpg 1365w\" sizes=\"auto, (max-width: 200px) 100vw, 200px\" \/><\/a><figcaption class=\"wp-element-caption\">Foto: Jan-Felix Bergmann<\/figcaption><\/figure>\n<\/div>\n<\/div>\n<\/div>\n","protected":false},"excerpt":{"rendered":"<p>Pressetext Ein Koffer voller Melodien, ein Hauch Nostalgie und f\u00fcnf Musikerinnen mit Leidenschaft \u2013 das ist SwingGold! Die Musik der 20er-40er Jahre ist so vielseitig und explosiv wie ihre Zeit.Sie spiegelt sich in neuen T\u00e4nzen, ausgelassenen Rhythmen, dem Swing der Big Bands und den Schlagern des Tonfilms unverkennbar wieder. Mit einer au\u00dfergew\u00f6hnlichen Instrumentierung wird jedem [&hellip;]<\/p>\n","protected":false},"author":2,"featured_media":0,"parent":0,"menu_order":0,"comment_status":"closed","ping_status":"closed","template":"page-no-title","meta":{"footnotes":""},"class_list":["post-599","page","type-page","status-publish","hentry"],"_links":{"self":[{"href":"https:\/\/sg.hornwienashorn.de\/index.php?rest_route=\/wp\/v2\/pages\/599","targetHints":{"allow":["GET"]}}],"collection":[{"href":"https:\/\/sg.hornwienashorn.de\/index.php?rest_route=\/wp\/v2\/pages"}],"about":[{"href":"https:\/\/sg.hornwienashorn.de\/index.php?rest_route=\/wp\/v2\/types\/page"}],"author":[{"embeddable":true,"href":"https:\/\/sg.hornwienashorn.de\/index.php?rest_route=\/wp\/v2\/users\/2"}],"replies":[{"embeddable":true,"href":"https:\/\/sg.hornwienashorn.de\/index.php?rest_route=%2Fwp%2Fv2%2Fcomments&post=599"}],"version-history":[{"count":5,"href":"https:\/\/sg.hornwienashorn.de\/index.php?rest_route=\/wp\/v2\/pages\/599\/revisions"}],"predecessor-version":[{"id":616,"href":"https:\/\/sg.hornwienashorn.de\/index.php?rest_route=\/wp\/v2\/pages\/599\/revisions\/616"}],"wp:attachment":[{"href":"https:\/\/sg.hornwienashorn.de\/index.php?rest_route=%2Fwp%2Fv2%2Fmedia&parent=599"}],"curies":[{"name":"wp","href":"https:\/\/api.w.org\/{rel}","templated":true}]}}