{"id":51,"date":"2023-12-23T10:24:52","date_gmt":"2023-12-23T10:24:52","guid":{"rendered":"https:\/\/sg.hornwienashorn.de\/?page_id=51"},"modified":"2024-09-02T09:52:56","modified_gmt":"2024-09-02T07:52:56","slug":"home","status":"publish","type":"page","link":"https:\/\/sg.hornwienashorn.de\/","title":{"rendered":"Willkommen bei SwingGold"},"content":{"rendered":"\n<div class=\"wp-block-group has-base-background-color has-background has-global-padding is-layout-constrained wp-container-core-group-is-layout-704e782a wp-block-group-is-layout-constrained\">\n<p class=\"has-text-align-center has-heading-font-family has-xx-large-font-size\">Willkommen bei SwingGold<\/p>\n\n\n\n<figure class=\"wp-block-image aligncenter size-full is-resized\"><img loading=\"lazy\" decoding=\"async\" width=\"833\" height=\"514\" src=\"https:\/\/sg.hornwienashorn.de\/wp-content\/uploads\/2024\/09\/Gruppe-Wand1.jpg\" alt=\"\" class=\"wp-image-300\" style=\"object-fit:cover;width:833px;height:auto\" srcset=\"https:\/\/sg.hornwienashorn.de\/wp-content\/uploads\/2024\/09\/Gruppe-Wand1.jpg 833w, https:\/\/sg.hornwienashorn.de\/wp-content\/uploads\/2024\/09\/Gruppe-Wand1-300x185.jpg 300w, https:\/\/sg.hornwienashorn.de\/wp-content\/uploads\/2024\/09\/Gruppe-Wand1-768x474.jpg 768w\" sizes=\"auto, (max-width: 833px) 100vw, 833px\" \/><\/figure>\n\n\n\n<p class=\"has-text-align-center has-medium-font-size wp-container-content-9cfa9a5a\">Tauchen Sie ein in die mitrei\u00dfende Welt des Swing und dem zeitlosen Charme der goldenen \u00c4ra der 20er Jahre!<br>Unsere einzigartige Besetzung l\u00e4sst die Musik dieser Zeit auf eine ganz besondere Weise erklingen. Vom abendf\u00fcllenden <br>Programm bis hin zu Auftritten bei Empf\u00e4ngen k\u00f6nnen Sie unsere Musik erleben oder f\u00fcr Ihre Veranstaltung buchen.<br> <br>Entdecken Sie den Glanz vergangener Zeiten mit <strong>SwingGold<\/strong>.<\/p>\n<\/div>\n","protected":false},"excerpt":{"rendered":"<p>Willkommen bei SwingGold Tauchen Sie ein in die mitrei\u00dfende Welt des Swing und dem zeitlosen Charme der goldenen \u00c4ra der 20er Jahre!Unsere einzigartige Besetzung l\u00e4sst die Musik dieser Zeit auf eine ganz besondere Weise erklingen. Vom abendf\u00fcllenden Programm bis hin zu Auftritten bei Empf\u00e4ngen k\u00f6nnen Sie unsere Musik erleben oder f\u00fcr Ihre Veranstaltung buchen. Entdecken [&hellip;]<\/p>\n","protected":false},"author":1,"featured_media":0,"parent":0,"menu_order":0,"comment_status":"closed","ping_status":"closed","template":"page-no-title","meta":{"footnotes":""},"class_list":["post-51","page","type-page","status-publish","hentry"],"_links":{"self":[{"href":"https:\/\/sg.hornwienashorn.de\/index.php?rest_route=\/wp\/v2\/pages\/51","targetHints":{"allow":["GET"]}}],"collection":[{"href":"https:\/\/sg.hornwienashorn.de\/index.php?rest_route=\/wp\/v2\/pages"}],"about":[{"href":"https:\/\/sg.hornwienashorn.de\/index.php?rest_route=\/wp\/v2\/types\/page"}],"author":[{"embeddable":true,"href":"https:\/\/sg.hornwienashorn.de\/index.php?rest_route=\/wp\/v2\/users\/1"}],"replies":[{"embeddable":true,"href":"https:\/\/sg.hornwienashorn.de\/index.php?rest_route=%2Fwp%2Fv2%2Fcomments&post=51"}],"version-history":[{"count":30,"href":"https:\/\/sg.hornwienashorn.de\/index.php?rest_route=\/wp\/v2\/pages\/51\/revisions"}],"predecessor-version":[{"id":457,"href":"https:\/\/sg.hornwienashorn.de\/index.php?rest_route=\/wp\/v2\/pages\/51\/revisions\/457"}],"wp:attachment":[{"href":"https:\/\/sg.hornwienashorn.de\/index.php?rest_route=%2Fwp%2Fv2%2Fmedia&parent=51"}],"curies":[{"name":"wp","href":"https:\/\/api.w.org\/{rel}","templated":true}]}}