{"id":486,"date":"2025-08-28T20:37:55","date_gmt":"2025-08-28T18:37:55","guid":{"rendered":"https:\/\/sg.hornwienashorn.de\/?page_id=486"},"modified":"2025-12-27T17:01:59","modified_gmt":"2025-12-27T16:01:59","slug":"impressionen","status":"publish","type":"page","link":"https:\/\/sg.hornwienashorn.de\/?page_id=486","title":{"rendered":"Impressionen"},"content":{"rendered":"\n<div class=\"wp-block-group has-base-background-color has-background is-nowrap is-layout-flex wp-container-core-group-is-layout-6c531013 wp-block-group-is-layout-flex\">\n<div class=\"wp-block-columns is-layout-flex wp-container-core-columns-is-layout-d0b3c9c8 wp-block-columns-is-layout-flex\">\n<div class=\"wp-block-column is-layout-flow wp-block-column-is-layout-flow\">\n<div class=\"wp-block-columns is-layout-flex wp-container-core-columns-is-layout-d0b3c9c8 wp-block-columns-is-layout-flex\">\n<div class=\"wp-block-column is-layout-flow wp-block-column-is-layout-flow\" style=\"--col-width:100%;flex-basis:100%\">\n<p class=\"has-text-align-center\"><strong>Swing, Jazz und Flugzeuge: <\/strong><\/p>\n\n\n\n<p class=\"has-text-align-center\"><strong>SwingGold \u00fcberzeugt in der Aviators Farm<\/strong><\/p>\n\n\n\n<figure class=\"wp-block-pullquote is-style-default has-small-font-size\" style=\"border-style:none;border-width:0px\"><blockquote><p><br>&#8222;&#8230;Dabei f\u00fchrt die Band die Zuschauer gleicherma\u00dfen durch ein Programm, das den Swing und Jazz der 20er- und 30er- Jahre ins Leben ruft. Die S\u00e4ngerin Lauren Welliehausen aus New York erzeugt mit ihrer ausdrucksstarken Stimme ein Gef\u00fchl von Sehnsucht im Raum. Begleitet wird sie von einer vierk\u00f6pfigen Formation: (&#8230;. ) Die Musikerinnen zeigen ihr K\u00f6nnen und ihre B\u00fchnenfreude gleicherma\u00dfen. In funkelnden Kleidern verspr\u00fchen sie die Eleganz der Swing-\u00c4ra, dazu wechseln sich instrumentale Soli ab&#8230;. Schnell entsteht eine Atmosph\u00e4re, die irgendwo zwischen Wohnzimmer und Jazzclub liegt.(&#8230;.)&#8220;<br><\/p><cite>Von Lili Kur, Hildesheimer-Allgemeine Zeitung, <br>18.08.2025<\/cite><\/blockquote><\/figure>\n<\/div>\n<\/div>\n<\/div>\n\n\n\n<div class=\"wp-block-column is-layout-flow wp-block-column-is-layout-flow\">\n<figure class=\"wp-block-image aligncenter size-medium\"><a href=\"https:\/\/sg.hornwienashorn.de\/wp-content\/uploads\/2025\/08\/Musikerinnen-der-Band-SwingGold_Aviators-Farm-2.jpg\"><img loading=\"lazy\" decoding=\"async\" width=\"300\" height=\"200\" src=\"https:\/\/sg.hornwienashorn.de\/wp-content\/uploads\/2025\/08\/Musikerinnen-der-Band-SwingGold_Aviators-Farm-2-300x200.jpg\" alt=\"\" class=\"wp-image-490\" srcset=\"https:\/\/sg.hornwienashorn.de\/wp-content\/uploads\/2025\/08\/Musikerinnen-der-Band-SwingGold_Aviators-Farm-2-300x200.jpg 300w, https:\/\/sg.hornwienashorn.de\/wp-content\/uploads\/2025\/08\/Musikerinnen-der-Band-SwingGold_Aviators-Farm-2-1024x683.jpg 1024w, https:\/\/sg.hornwienashorn.de\/wp-content\/uploads\/2025\/08\/Musikerinnen-der-Band-SwingGold_Aviators-Farm-2-768x512.jpg 768w, https:\/\/sg.hornwienashorn.de\/wp-content\/uploads\/2025\/08\/Musikerinnen-der-Band-SwingGold_Aviators-Farm-2-1536x1024.jpg 1536w, https:\/\/sg.hornwienashorn.de\/wp-content\/uploads\/2025\/08\/Musikerinnen-der-Band-SwingGold_Aviators-Farm-2.jpg 2048w\" sizes=\"auto, (max-width: 300px) 100vw, 300px\" \/><\/a><figcaption class=\"wp-element-caption\">Foto: Jan-Felix Bergmann<\/figcaption><\/figure>\n\n\n\n<div class=\"wp-block-columns is-layout-flex wp-container-core-columns-is-layout-d0b3c9c8 wp-block-columns-is-layout-flex\">\n<div class=\"wp-block-column is-layout-flow wp-block-column-is-layout-flow\">\n<figure class=\"wp-block-image aligncenter size-medium\"><a href=\"https:\/\/sg.hornwienashorn.de\/wp-content\/uploads\/2025\/08\/4006274-2-1.jpg\"><img loading=\"lazy\" decoding=\"async\" width=\"200\" height=\"300\" src=\"https:\/\/sg.hornwienashorn.de\/wp-content\/uploads\/2025\/08\/4006274-2-1-200x300.jpg\" alt=\"\" class=\"wp-image-495\" srcset=\"https:\/\/sg.hornwienashorn.de\/wp-content\/uploads\/2025\/08\/4006274-2-1-200x300.jpg 200w, https:\/\/sg.hornwienashorn.de\/wp-content\/uploads\/2025\/08\/4006274-2-1-683x1024.jpg 683w, https:\/\/sg.hornwienashorn.de\/wp-content\/uploads\/2025\/08\/4006274-2-1-768x1152.jpg 768w, https:\/\/sg.hornwienashorn.de\/wp-content\/uploads\/2025\/08\/4006274-2-1-1024x1536.jpg 1024w, https:\/\/sg.hornwienashorn.de\/wp-content\/uploads\/2025\/08\/4006274-2-1.jpg 1365w\" sizes=\"auto, (max-width: 200px) 100vw, 200px\" \/><\/a><figcaption class=\"wp-element-caption\">Foto: Jan-Felix Bergmann<\/figcaption><\/figure>\n<\/div>\n\n\n\n<div class=\"wp-block-column is-layout-flow wp-block-column-is-layout-flow\">\n<figure class=\"wp-block-image size-medium\"><a href=\"https:\/\/sg.hornwienashorn.de\/wp-content\/uploads\/2025\/08\/0067_Av_Farm-SwingGold-2025_08_15-kopie-scaled.jpg\"><img loading=\"lazy\" decoding=\"async\" width=\"300\" height=\"200\" src=\"https:\/\/sg.hornwienashorn.de\/wp-content\/uploads\/2025\/08\/0067_Av_Farm-SwingGold-2025_08_15-kopie-300x200.jpg\" alt=\"\" class=\"wp-image-507\" srcset=\"https:\/\/sg.hornwienashorn.de\/wp-content\/uploads\/2025\/08\/0067_Av_Farm-SwingGold-2025_08_15-kopie-300x200.jpg 300w, https:\/\/sg.hornwienashorn.de\/wp-content\/uploads\/2025\/08\/0067_Av_Farm-SwingGold-2025_08_15-kopie-1024x683.jpg 1024w, https:\/\/sg.hornwienashorn.de\/wp-content\/uploads\/2025\/08\/0067_Av_Farm-SwingGold-2025_08_15-kopie-768x512.jpg 768w, https:\/\/sg.hornwienashorn.de\/wp-content\/uploads\/2025\/08\/0067_Av_Farm-SwingGold-2025_08_15-kopie-1536x1024.jpg 1536w, https:\/\/sg.hornwienashorn.de\/wp-content\/uploads\/2025\/08\/0067_Av_Farm-SwingGold-2025_08_15-kopie-2048x1365.jpg 2048w\" sizes=\"auto, (max-width: 300px) 100vw, 300px\" \/><\/a><figcaption class=\"wp-element-caption\">Foto: Gudrun Hartwig<\/figcaption><\/figure>\n\n\n\n<figure class=\"wp-block-image size-medium\"><a href=\"https:\/\/sg.hornwienashorn.de\/wp-content\/uploads\/2025\/08\/0059_Av_Farm-SwingGold_2025_08_15_bA-niedrig-scaled.jpg\"><img loading=\"lazy\" decoding=\"async\" width=\"300\" height=\"200\" src=\"https:\/\/sg.hornwienashorn.de\/wp-content\/uploads\/2025\/08\/0059_Av_Farm-SwingGold_2025_08_15_bA-niedrig-300x200.jpg\" alt=\"\" class=\"wp-image-508\" srcset=\"https:\/\/sg.hornwienashorn.de\/wp-content\/uploads\/2025\/08\/0059_Av_Farm-SwingGold_2025_08_15_bA-niedrig-300x200.jpg 300w, https:\/\/sg.hornwienashorn.de\/wp-content\/uploads\/2025\/08\/0059_Av_Farm-SwingGold_2025_08_15_bA-niedrig-1024x683.jpg 1024w, https:\/\/sg.hornwienashorn.de\/wp-content\/uploads\/2025\/08\/0059_Av_Farm-SwingGold_2025_08_15_bA-niedrig-768x512.jpg 768w, https:\/\/sg.hornwienashorn.de\/wp-content\/uploads\/2025\/08\/0059_Av_Farm-SwingGold_2025_08_15_bA-niedrig-1536x1024.jpg 1536w, https:\/\/sg.hornwienashorn.de\/wp-content\/uploads\/2025\/08\/0059_Av_Farm-SwingGold_2025_08_15_bA-niedrig-2048x1365.jpg 2048w\" sizes=\"auto, (max-width: 300px) 100vw, 300px\" \/><\/a><figcaption class=\"wp-element-caption\">Foto: Gudrun Hartwig<\/figcaption><\/figure>\n<\/div>\n<\/div>\n<\/div>\n<\/div>\n<\/div>\n\n\n\n<div style=\"height:27px\" aria-hidden=\"true\" class=\"wp-block-spacer\"><\/div>\n\n\n\n<div class=\"wp-block-group has-base-background-color has-background has-global-padding is-layout-constrained wp-block-group-is-layout-constrained\">\n<div class=\"wp-block-columns is-layout-flex wp-container-core-columns-is-layout-d0b3c9c8 wp-block-columns-is-layout-flex\">\n<div class=\"wp-block-column is-layout-flow wp-block-column-is-layout-flow\">\n<p class=\"has-text-align-center\"><strong>Swing-Fieber in der Johanneskirche<\/strong><\/p>\n\n\n\n<figure class=\"wp-block-pullquote is-style-default has-small-font-size\"><blockquote><p><strong>Quintett &#8222;SwingGold&#8220; bet\u00f6rt bei &#8222;Konzert im Kirchgarten&#8220; in V\u00f6lksen<\/strong><br>&#8222;Auf eine mitrei\u00dfende Zeitreise in die goldenen 20er- und 30er- Jahre hat das Quintett SwingGold rund um die Springer Sopranistin Lauren Welliehausen die Zuschauer in der voll besetzten Johanneskirche in V\u00f6lksen mitgenommen.(&#8230;) Von mitrei\u00dfenden Filmschlager &#8222;I got Rhythm&#8220;(&#8230;.) bis hin zu &#8222;Fly me to the Moon&#8220; (&#8230;.) intonierte das Ensemble mit Verve und viel Charme. (&#8230;) Wie gelungen auch die Instrumentierung und die besonderen Klangfarben dieses Quintetts ist, wurde bei Instrumentalst\u00fccken wie etwa &#8222;Swing Fever&#8220; besonders deutlich. (&#8230;)&#8220;<br><\/p><cite>Von Anne Brinkmann-Thies,Neue Deister-Zeitung, <br>18.08.2025<\/cite><\/blockquote><\/figure>\n\n\n\n<div class=\"wp-block-columns is-layout-flex wp-container-core-columns-is-layout-d0b3c9c8 wp-block-columns-is-layout-flex\">\n<div class=\"wp-block-column is-layout-flow wp-block-column-is-layout-flow\"><\/div>\n<\/div>\n<\/div>\n\n\n\n<div class=\"wp-block-column is-layout-flow wp-block-column-is-layout-flow\">\n<figure class=\"wp-block-image size-medium is-resized\"><a href=\"https:\/\/sg.hornwienashorn.de\/wp-content\/uploads\/2025\/08\/Voelsen-Kirche-1-scaled.jpg\"><img loading=\"lazy\" decoding=\"async\" width=\"300\" height=\"193\" src=\"https:\/\/sg.hornwienashorn.de\/wp-content\/uploads\/2025\/08\/Voelsen-Kirche-1-300x193.jpg\" alt=\"\" class=\"wp-image-500\" style=\"aspect-ratio:1.554529997571047;width:344px;height:auto\" srcset=\"https:\/\/sg.hornwienashorn.de\/wp-content\/uploads\/2025\/08\/Voelsen-Kirche-1-300x193.jpg 300w, https:\/\/sg.hornwienashorn.de\/wp-content\/uploads\/2025\/08\/Voelsen-Kirche-1-1024x660.jpg 1024w, https:\/\/sg.hornwienashorn.de\/wp-content\/uploads\/2025\/08\/Voelsen-Kirche-1-768x495.jpg 768w, https:\/\/sg.hornwienashorn.de\/wp-content\/uploads\/2025\/08\/Voelsen-Kirche-1-1536x990.jpg 1536w, https:\/\/sg.hornwienashorn.de\/wp-content\/uploads\/2025\/08\/Voelsen-Kirche-1-2048x1320.jpg 2048w\" sizes=\"auto, (max-width: 300px) 100vw, 300px\" \/><\/a><\/figure>\n\n\n\n<div class=\"wp-block-columns is-layout-flex wp-container-core-columns-is-layout-d0b3c9c8 wp-block-columns-is-layout-flex\">\n<div class=\"wp-block-column is-layout-flow wp-block-column-is-layout-flow\">\n<figure class=\"wp-block-image aligncenter size-medium is-resized\"><a href=\"https:\/\/sg.hornwienashorn.de\/wp-content\/uploads\/2025\/08\/Voelksen-2-1-scaled.jpeg\"><img loading=\"lazy\" decoding=\"async\" width=\"169\" height=\"300\" src=\"https:\/\/sg.hornwienashorn.de\/wp-content\/uploads\/2025\/08\/Voelksen-2-1-169x300.jpeg\" alt=\"\" class=\"wp-image-505\" style=\"width:169px;height:auto\" srcset=\"https:\/\/sg.hornwienashorn.de\/wp-content\/uploads\/2025\/08\/Voelksen-2-1-169x300.jpeg 169w, https:\/\/sg.hornwienashorn.de\/wp-content\/uploads\/2025\/08\/Voelksen-2-1-576x1024.jpeg 576w, https:\/\/sg.hornwienashorn.de\/wp-content\/uploads\/2025\/08\/Voelksen-2-1-768x1365.jpeg 768w, https:\/\/sg.hornwienashorn.de\/wp-content\/uploads\/2025\/08\/Voelksen-2-1-864x1536.jpeg 864w, https:\/\/sg.hornwienashorn.de\/wp-content\/uploads\/2025\/08\/Voelksen-2-1-1152x2048.jpeg 1152w, https:\/\/sg.hornwienashorn.de\/wp-content\/uploads\/2025\/08\/Voelksen-2-1-scaled.jpeg 1440w\" sizes=\"auto, (max-width: 169px) 100vw, 169px\" \/><\/a><\/figure>\n<\/div>\n\n\n\n<div class=\"wp-block-column is-layout-flow wp-block-column-is-layout-flow\">\n<figure class=\"wp-block-image size-medium\"><a href=\"https:\/\/sg.hornwienashorn.de\/wp-content\/uploads\/2025\/08\/Voelksen-3-1-scaled.jpeg\"><img loading=\"lazy\" decoding=\"async\" width=\"300\" height=\"187\" src=\"https:\/\/sg.hornwienashorn.de\/wp-content\/uploads\/2025\/08\/Voelksen-3-1-300x187.jpeg\" alt=\"\" class=\"wp-image-506\" style=\"aspect-ratio:4\/3;object-fit:cover\" srcset=\"https:\/\/sg.hornwienashorn.de\/wp-content\/uploads\/2025\/08\/Voelksen-3-1-300x187.jpeg 300w, https:\/\/sg.hornwienashorn.de\/wp-content\/uploads\/2025\/08\/Voelksen-3-1-1024x637.jpeg 1024w, https:\/\/sg.hornwienashorn.de\/wp-content\/uploads\/2025\/08\/Voelksen-3-1-768x478.jpeg 768w, https:\/\/sg.hornwienashorn.de\/wp-content\/uploads\/2025\/08\/Voelksen-3-1-1536x956.jpeg 1536w, https:\/\/sg.hornwienashorn.de\/wp-content\/uploads\/2025\/08\/Voelksen-3-1-2048x1274.jpeg 2048w\" sizes=\"auto, (max-width: 300px) 100vw, 300px\" \/><\/a><\/figure>\n\n\n\n<figure class=\"wp-block-image size-medium\"><a href=\"https:\/\/sg.hornwienashorn.de\/wp-content\/uploads\/2025\/08\/147A6ADA-4366-4164-84FB-7E2E619D5C77_1_105_c1.jpeg\"><img loading=\"lazy\" decoding=\"async\" width=\"300\" height=\"239\" src=\"https:\/\/sg.hornwienashorn.de\/wp-content\/uploads\/2025\/08\/147A6ADA-4366-4164-84FB-7E2E619D5C77_1_105_c1-300x239.jpeg\" alt=\"\" class=\"wp-image-510\" srcset=\"https:\/\/sg.hornwienashorn.de\/wp-content\/uploads\/2025\/08\/147A6ADA-4366-4164-84FB-7E2E619D5C77_1_105_c1-300x239.jpeg 300w, https:\/\/sg.hornwienashorn.de\/wp-content\/uploads\/2025\/08\/147A6ADA-4366-4164-84FB-7E2E619D5C77_1_105_c1-768x611.jpeg 768w, https:\/\/sg.hornwienashorn.de\/wp-content\/uploads\/2025\/08\/147A6ADA-4366-4164-84FB-7E2E619D5C77_1_105_c1.jpeg 994w\" sizes=\"auto, (max-width: 300px) 100vw, 300px\" \/><\/a><figcaption class=\"wp-element-caption\">Fotos: Welliehausen<\/figcaption><\/figure>\n<\/div>\n<\/div>\n<\/div>\n<\/div>\n<\/div>\n","protected":false},"excerpt":{"rendered":"<p>Swing, Jazz und Flugzeuge: SwingGold \u00fcberzeugt in der Aviators Farm &#8222;&#8230;Dabei f\u00fchrt die Band die Zuschauer gleicherma\u00dfen durch ein Programm, das den Swing und Jazz der 20er- und 30er- Jahre ins Leben ruft. Die S\u00e4ngerin Lauren Welliehausen aus New York erzeugt mit ihrer ausdrucksstarken Stimme ein Gef\u00fchl von Sehnsucht im Raum. Begleitet wird sie von [&hellip;]<\/p>\n","protected":false},"author":2,"featured_media":0,"parent":0,"menu_order":0,"comment_status":"closed","ping_status":"closed","template":"page-no-title","meta":{"footnotes":""},"class_list":["post-486","page","type-page","status-publish","hentry"],"_links":{"self":[{"href":"https:\/\/sg.hornwienashorn.de\/index.php?rest_route=\/wp\/v2\/pages\/486","targetHints":{"allow":["GET"]}}],"collection":[{"href":"https:\/\/sg.hornwienashorn.de\/index.php?rest_route=\/wp\/v2\/pages"}],"about":[{"href":"https:\/\/sg.hornwienashorn.de\/index.php?rest_route=\/wp\/v2\/types\/page"}],"author":[{"embeddable":true,"href":"https:\/\/sg.hornwienashorn.de\/index.php?rest_route=\/wp\/v2\/users\/2"}],"replies":[{"embeddable":true,"href":"https:\/\/sg.hornwienashorn.de\/index.php?rest_route=%2Fwp%2Fv2%2Fcomments&post=486"}],"version-history":[{"count":22,"href":"https:\/\/sg.hornwienashorn.de\/index.php?rest_route=\/wp\/v2\/pages\/486\/revisions"}],"predecessor-version":[{"id":618,"href":"https:\/\/sg.hornwienashorn.de\/index.php?rest_route=\/wp\/v2\/pages\/486\/revisions\/618"}],"wp:attachment":[{"href":"https:\/\/sg.hornwienashorn.de\/index.php?rest_route=%2Fwp%2Fv2%2Fmedia&parent=486"}],"curies":[{"name":"wp","href":"https:\/\/api.w.org\/{rel}","templated":true}]}}