{"id":119,"date":"2024-07-04T13:57:41","date_gmt":"2024-07-04T11:57:41","guid":{"rendered":"https:\/\/sg.hornwienashorn.de\/?page_id=119"},"modified":"2025-12-04T00:34:47","modified_gmt":"2025-12-03T23:34:47","slug":"119-2","status":"publish","type":"page","link":"https:\/\/sg.hornwienashorn.de\/?page_id=119","title":{"rendered":"Ensemble"},"content":{"rendered":"\n<div class=\"wp-block-group alignfull has-background has-global-padding is-layout-constrained wp-container-core-group-is-layout-7800d939 wp-block-group-is-layout-constrained\" style=\"background-color:#f6eef1;padding-top:0;padding-right:var(--wp--preset--spacing--50);padding-bottom:0;padding-left:var(--wp--preset--spacing--50)\">\n<div class=\"wp-block-columns is-layout-flex wp-container-core-columns-is-layout-d0b3c9c8 wp-block-columns-is-layout-flex\">\n<div class=\"wp-block-column is-layout-flow wp-block-column-is-layout-flow\" style=\"--col-width:20%;flex-basis:20%\">\n<figure class=\"wp-block-image size-full is-resized\"><img loading=\"lazy\" decoding=\"async\" width=\"2560\" height=\"2560\" src=\"https:\/\/sg.hornwienashorn.de\/wp-content\/uploads\/2024\/07\/Anke-scaled.jpg\" alt=\"\" class=\"wp-image-92\" style=\"aspect-ratio:1;object-fit:cover;width:200px\" srcset=\"https:\/\/sg.hornwienashorn.de\/wp-content\/uploads\/2024\/07\/Anke-scaled.jpg 2560w, https:\/\/sg.hornwienashorn.de\/wp-content\/uploads\/2024\/07\/Anke-300x300.jpg 300w, https:\/\/sg.hornwienashorn.de\/wp-content\/uploads\/2024\/07\/Anke-1024x1024.jpg 1024w, https:\/\/sg.hornwienashorn.de\/wp-content\/uploads\/2024\/07\/Anke-150x150.jpg 150w, https:\/\/sg.hornwienashorn.de\/wp-content\/uploads\/2024\/07\/Anke-768x768.jpg 768w, https:\/\/sg.hornwienashorn.de\/wp-content\/uploads\/2024\/07\/Anke-1536x1536.jpg 1536w, https:\/\/sg.hornwienashorn.de\/wp-content\/uploads\/2024\/07\/Anke-2048x2048.jpg 2048w\" sizes=\"auto, (max-width: 2560px) 100vw, 2560px\" \/><\/figure>\n\n\n\n<p style=\"margin-right:0;margin-left:0\"><strong>Anke Horn<\/strong><\/p>\n\n\n\n<p style=\"padding-top:0;padding-right:0;padding-bottom:0;padding-left:0\">Klarinette, Saxophon<\/p>\n<\/div>\n\n\n\n<div class=\"wp-block-column is-layout-flow wp-block-column-is-layout-flow\" style=\"--col-width:20%;flex-basis:20%\">\n<figure class=\"wp-block-image size-full is-resized\"><img loading=\"lazy\" decoding=\"async\" width=\"2560\" height=\"2560\" src=\"https:\/\/sg.hornwienashorn.de\/wp-content\/uploads\/2024\/07\/Iris-scaled.jpg\" alt=\"\" class=\"wp-image-120\" style=\"aspect-ratio:1;object-fit:cover;width:200px\" srcset=\"https:\/\/sg.hornwienashorn.de\/wp-content\/uploads\/2024\/07\/Iris-scaled.jpg 2560w, https:\/\/sg.hornwienashorn.de\/wp-content\/uploads\/2024\/07\/Iris-300x300.jpg 300w, https:\/\/sg.hornwienashorn.de\/wp-content\/uploads\/2024\/07\/Iris-1024x1024.jpg 1024w, https:\/\/sg.hornwienashorn.de\/wp-content\/uploads\/2024\/07\/Iris-150x150.jpg 150w, https:\/\/sg.hornwienashorn.de\/wp-content\/uploads\/2024\/07\/Iris-768x768.jpg 768w, https:\/\/sg.hornwienashorn.de\/wp-content\/uploads\/2024\/07\/Iris-1536x1536.jpg 1536w, https:\/\/sg.hornwienashorn.de\/wp-content\/uploads\/2024\/07\/Iris-2048x2048.jpg 2048w\" sizes=\"auto, (max-width: 2560px) 100vw, 2560px\" \/><\/figure>\n\n\n\n<p><strong>Iris D\u00fcsseldorf<\/strong><\/p>\n\n\n\n<p>Querfl\u00f6te, Altfl\u00f6te<\/p>\n<\/div>\n\n\n\n<div class=\"wp-block-column is-layout-flow wp-block-column-is-layout-flow\" style=\"--col-width:20%;flex-basis:20%\">\n<figure class=\"wp-block-image size-full is-resized\"><img loading=\"lazy\" decoding=\"async\" width=\"2560\" height=\"2560\" src=\"https:\/\/sg.hornwienashorn.de\/wp-content\/uploads\/2024\/07\/Katrin-scaled.jpg\" alt=\"\" class=\"wp-image-121\" style=\"aspect-ratio:1;object-fit:cover;width:200px\" srcset=\"https:\/\/sg.hornwienashorn.de\/wp-content\/uploads\/2024\/07\/Katrin-scaled.jpg 2560w, https:\/\/sg.hornwienashorn.de\/wp-content\/uploads\/2024\/07\/Katrin-300x300.jpg 300w, https:\/\/sg.hornwienashorn.de\/wp-content\/uploads\/2024\/07\/Katrin-1024x1024.jpg 1024w, https:\/\/sg.hornwienashorn.de\/wp-content\/uploads\/2024\/07\/Katrin-150x150.jpg 150w, https:\/\/sg.hornwienashorn.de\/wp-content\/uploads\/2024\/07\/Katrin-768x768.jpg 768w, https:\/\/sg.hornwienashorn.de\/wp-content\/uploads\/2024\/07\/Katrin-1536x1536.jpg 1536w, https:\/\/sg.hornwienashorn.de\/wp-content\/uploads\/2024\/07\/Katrin-2048x2048.jpg 2048w\" sizes=\"auto, (max-width: 2560px) 100vw, 2560px\" \/><\/figure>\n\n\n\n<p><strong>Katrin Opitz<\/strong><\/p>\n\n\n\n<p>Bassklarinette<\/p>\n<\/div>\n\n\n\n<div class=\"wp-block-column is-layout-flow wp-block-column-is-layout-flow\" style=\"--col-width:20%;flex-basis:20%\">\n<figure class=\"wp-block-image size-full is-resized\"><img loading=\"lazy\" decoding=\"async\" width=\"2560\" height=\"2560\" src=\"https:\/\/sg.hornwienashorn.de\/wp-content\/uploads\/2024\/07\/Lauren-scaled.jpg\" alt=\"\" class=\"wp-image-122\" style=\"aspect-ratio:1;object-fit:cover;width:200px\" srcset=\"https:\/\/sg.hornwienashorn.de\/wp-content\/uploads\/2024\/07\/Lauren-scaled.jpg 2560w, https:\/\/sg.hornwienashorn.de\/wp-content\/uploads\/2024\/07\/Lauren-300x300.jpg 300w, https:\/\/sg.hornwienashorn.de\/wp-content\/uploads\/2024\/07\/Lauren-1024x1024.jpg 1024w, https:\/\/sg.hornwienashorn.de\/wp-content\/uploads\/2024\/07\/Lauren-150x150.jpg 150w, https:\/\/sg.hornwienashorn.de\/wp-content\/uploads\/2024\/07\/Lauren-768x768.jpg 768w, https:\/\/sg.hornwienashorn.de\/wp-content\/uploads\/2024\/07\/Lauren-1536x1536.jpg 1536w, https:\/\/sg.hornwienashorn.de\/wp-content\/uploads\/2024\/07\/Lauren-2048x2048.jpg 2048w\" sizes=\"auto, (max-width: 2560px) 100vw, 2560px\" \/><\/figure>\n\n\n\n<p><strong><strong>Lauren Welliehausen<\/strong><\/strong><\/p>\n\n\n\n<p>Gesang<\/p>\n<\/div>\n\n\n\n<div class=\"wp-block-column is-layout-flow wp-block-column-is-layout-flow\" style=\"--col-width:20%;flex-basis:20%\">\n<figure class=\"wp-block-image size-full is-resized\"><img loading=\"lazy\" decoding=\"async\" width=\"2560\" height=\"2560\" src=\"https:\/\/sg.hornwienashorn.de\/wp-content\/uploads\/2024\/07\/Ulrike-1-scaled.jpg\" alt=\"\" class=\"wp-image-124\" style=\"aspect-ratio:1;object-fit:cover;width:200px\" srcset=\"https:\/\/sg.hornwienashorn.de\/wp-content\/uploads\/2024\/07\/Ulrike-1-scaled.jpg 2560w, https:\/\/sg.hornwienashorn.de\/wp-content\/uploads\/2024\/07\/Ulrike-1-300x300.jpg 300w, https:\/\/sg.hornwienashorn.de\/wp-content\/uploads\/2024\/07\/Ulrike-1-1024x1024.jpg 1024w, https:\/\/sg.hornwienashorn.de\/wp-content\/uploads\/2024\/07\/Ulrike-1-150x150.jpg 150w, https:\/\/sg.hornwienashorn.de\/wp-content\/uploads\/2024\/07\/Ulrike-1-768x768.jpg 768w, https:\/\/sg.hornwienashorn.de\/wp-content\/uploads\/2024\/07\/Ulrike-1-1536x1536.jpg 1536w, https:\/\/sg.hornwienashorn.de\/wp-content\/uploads\/2024\/07\/Ulrike-1-2048x2048.jpg 2048w\" sizes=\"auto, (max-width: 2560px) 100vw, 2560px\" \/><\/figure>\n\n\n\n<p><strong>Ulrike Stern<\/strong><\/p>\n\n\n\n<p>Klavier<\/p>\n<\/div>\n<\/div>\n<\/div>\n\n\n\n<p><\/p>\n\n\n\n<h2 class=\"wp-block-heading alignfull has-text-align-center\"><strong class=\"\">\u00dcber <\/strong><strong class=\"\">uns<\/strong><\/h2>\n\n\n\n<p class=\"has-text-align-center\">Ein Koffer voller Melodien, ein Hauch Nostalgie und f\u00fcnf Musikerinnen mit Leidenschaft \u2013 das ist unser Ensemble. Seit 2005 entf\u00fchren wir unser Publikum auf eine musikalische Reise in die goldene \u00c4ra der 1920er bis 1940er Jahre. Mit fabelhaften Arrangements bekannter und neu entdeckter Melodien bringen wir den unverkennbaren Charme und Schwung dieser Zeit auf die B\u00fchne \u2013 stilvoll, humorvoll und voller Spielfreude.<\/p>\n\n\n\n<p class=\"has-text-align-center\">Unser Repertoire reicht vom mitrei\u00dfenden Charleston der 20er \u00fcber den swingenden Sound der 30er bis hin zu den gro\u00dfen Schlagern des Tonfilms der 40er Jahre. Dabei verleihen wir jedem St\u00fcck mit unserer au\u00dfergew\u00f6hnlichen Instrumentierung eine ganz eigene Note \u2013 mal elegant, mal augenzwinkernd, aber immer mit Herz und Hingabe.<\/p>\n\n\n\n<p class=\"has-text-align-center\">Ob als abendf\u00fcllendes Konzertprogramm oder als stilvoller musikalischer Rahmen f\u00fcr Empf\u00e4nge und Veranstaltungen: Unsere Musik schafft Atmosph\u00e4re, weckt Erinnerungen und l\u00e4dt zum Tr\u00e4umen, L\u00e4cheln oder Mitswingen ein.<\/p>\n","protected":false},"excerpt":{"rendered":"<p>Anke Horn Klarinette, Saxophon Iris D\u00fcsseldorf Querfl\u00f6te, Altfl\u00f6te Katrin Opitz Bassklarinette Lauren Welliehausen Gesang Ulrike Stern Klavier \u00dcber uns Ein Koffer voller Melodien, ein Hauch Nostalgie und f\u00fcnf Musikerinnen mit Leidenschaft \u2013 das ist unser Ensemble. Seit 2005 entf\u00fchren wir unser Publikum auf eine musikalische Reise in die goldene \u00c4ra der 1920er bis 1940er Jahre. [&hellip;]<\/p>\n","protected":false},"author":1,"featured_media":0,"parent":0,"menu_order":0,"comment_status":"closed","ping_status":"closed","template":"page-no-title","meta":{"footnotes":""},"class_list":["post-119","page","type-page","status-publish","hentry"],"_links":{"self":[{"href":"https:\/\/sg.hornwienashorn.de\/index.php?rest_route=\/wp\/v2\/pages\/119","targetHints":{"allow":["GET"]}}],"collection":[{"href":"https:\/\/sg.hornwienashorn.de\/index.php?rest_route=\/wp\/v2\/pages"}],"about":[{"href":"https:\/\/sg.hornwienashorn.de\/index.php?rest_route=\/wp\/v2\/types\/page"}],"author":[{"embeddable":true,"href":"https:\/\/sg.hornwienashorn.de\/index.php?rest_route=\/wp\/v2\/users\/1"}],"replies":[{"embeddable":true,"href":"https:\/\/sg.hornwienashorn.de\/index.php?rest_route=%2Fwp%2Fv2%2Fcomments&post=119"}],"version-history":[{"count":23,"href":"https:\/\/sg.hornwienashorn.de\/index.php?rest_route=\/wp\/v2\/pages\/119\/revisions"}],"predecessor-version":[{"id":609,"href":"https:\/\/sg.hornwienashorn.de\/index.php?rest_route=\/wp\/v2\/pages\/119\/revisions\/609"}],"wp:attachment":[{"href":"https:\/\/sg.hornwienashorn.de\/index.php?rest_route=%2Fwp%2Fv2%2Fmedia&parent=119"}],"curies":[{"name":"wp","href":"https:\/\/api.w.org\/{rel}","templated":true}]}}